{"id":1707,"date":"2020-07-29T08:54:33","date_gmt":"2020-07-29T08:54:33","guid":{"rendered":"https:\/\/profen.bootests.com\/?page_id=1707"},"modified":"2023-04-06T07:56:06","modified_gmt":"2023-04-06T07:56:06","slug":"profen-istanbul","status":"publish","type":"page","link":"https:\/\/profentech.com\/en\/profen-istanbul\/","title":{"rendered":"Profen &#8211; Istanbul"},"content":{"rendered":"<div class=\"wpb-content-wrapper\"><p>[vc_row][vc_column]<div class=\"container\">\n\n\t\t\t<div class=\"tctf row\">\n\t\t\t\t<div class=\"tctf__form col-lg-8\">\n\t\t\t\t\t<span class=\"contactform-title\">Contact Us<\/span>\n                    <p>Contact us for your comments and suggestions.<\/p>\n\t\t\t\t\t<div class=\"tctf__form-shortcode\">\n<div class=\"wpcf7 no-js\" id=\"wpcf7-f1887-o1\" lang=\"en-US\" dir=\"ltr\">\n<div class=\"screen-reader-response\"><p role=\"status\" aria-live=\"polite\" aria-atomic=\"true\"><\/p> <ul><\/ul><\/div>\n<form action=\"\/en\/wp-json\/wp\/v2\/pages\/1707#wpcf7-f1887-o1\" method=\"post\" class=\"wpcf7-form init cf7mls-no-scroll cf7mls-no-moving-animation\" aria-label=\"Contact form\" novalidate=\"novalidate\" data-status=\"init\">\n<div style=\"display: none;\">\n<input type=\"hidden\" name=\"_wpcf7\" value=\"1887\" \/>\n<input type=\"hidden\" name=\"_wpcf7_version\" value=\"5.8.5\" \/>\n<input type=\"hidden\" name=\"_wpcf7_locale\" value=\"en_US\" \/>\n<input type=\"hidden\" name=\"_wpcf7_unit_tag\" value=\"wpcf7-f1887-o1\" \/>\n<input type=\"hidden\" name=\"_wpcf7_container_post\" value=\"0\" \/>\n<input type=\"hidden\" name=\"_wpcf7_posted_data_hash\" value=\"\" \/>\n<input type=\"hidden\" name=\"_wpcf7_recaptcha_response\" value=\"\" \/>\n<\/div>\n<div class=\"profen-contact-form\">\n\t<div class=\"row\">\n\t\t<div class=\"col-md-6 col-12\">\n\t\t\t<p><label> *Name<br \/>\n<span class=\"wpcf7-form-control-wrap\" data-name=\"your-name\"><input size=\"40\" class=\"wpcf7-form-control wpcf7-text wpcf7-validates-as-required alphaonly\" aria-required=\"true\" aria-invalid=\"false\" value=\"\" type=\"text\" name=\"your-name\" \/><\/span><\/label>\n\t\t\t<\/p>\n\t\t<\/div>\n\t\t<div class=\"col-md-6 col-12\">\n\t\t\t<p><label> *Surname<br \/>\n<span class=\"wpcf7-form-control-wrap\" data-name=\"your-surname\"><input size=\"40\" class=\"wpcf7-form-control wpcf7-text wpcf7-validates-as-required alphaonly\" aria-required=\"true\" aria-invalid=\"false\" value=\"\" type=\"text\" name=\"your-surname\" \/><\/span><\/label>\n\t\t\t<\/p>\n\t\t<\/div>\n\t<\/div>\n\t<div class=\"row\">\n\t\t<div class=\"col-md-6 col-12\">\n\t\t\t<p><label> *Mail<br \/>\n<span class=\"wpcf7-form-control-wrap\" data-name=\"your-email\"><input size=\"40\" class=\"wpcf7-form-control wpcf7-text wpcf7-validates-as-required\" aria-required=\"true\" aria-invalid=\"false\" value=\"\" type=\"text\" name=\"your-email\" \/><\/span> <\/label>\n\t\t\t<\/p>\n\t\t<\/div>\n\t\t<div class=\"col-md-6 col-12\">\n\t\t\t<p><label> *Phone<br \/>\n<span class=\"wpcf7-form-control-wrap\" data-name=\"phone\"><input size=\"40\" class=\"wpcf7-form-control wpcf7-tel wpcf7-validates-as-required wpcf7-text wpcf7-validates-as-tel\" aria-required=\"true\" aria-invalid=\"false\" value=\"\" type=\"tel\" name=\"phone\" \/><\/span><\/label>\n\t\t\t<\/p>\n\t\t<\/div>\n\t<\/div>\n\t<div class=\"row\">\n\t\t<div class=\"col-12\">\n\t\t\t<p><label> *Subject<br \/>\n<span class=\"wpcf7-form-control-wrap\" data-name=\"subject\"><input size=\"40\" class=\"wpcf7-form-control wpcf7-text wpcf7-validates-as-required\" aria-required=\"true\" aria-invalid=\"false\" value=\"\" type=\"text\" name=\"subject\" \/><\/span><\/label>\n\t\t\t<\/p>\n\t\t<\/div>\n\t\t<div class=\"col-12 textarea\">\n\t\t\t<p><label> Message <\/label><br \/>\n<span class=\"wpcf7-form-control-wrap\" data-name=\"your-message\"><textarea cols=\"40\" rows=\"4\" maxlength=\"1500\" minlength=\"10\" class=\"wpcf7-form-control wpcf7-textarea\" aria-invalid=\"false\" name=\"your-message\"><\/textarea><\/span>\n\t\t\t<\/p>\n\t\t<\/div>\n\t<\/div>\n\t<div class=\"row\">\n\t\t<div class=\"col-12 textarea\">\n\t\t\t<p><span class=\"wpcf7-form-control-wrap\" data-name=\"veri-onay\"><span class=\"wpcf7-form-control wpcf7-acceptance\"><span class=\"wpcf7-list-item\"><label><input type=\"checkbox\" name=\"veri-onay\" value=\"1\" aria-invalid=\"false\" \/><span class=\"wpcf7-list-item-label\">I have read and accept the <a href=\"\/en\/gdpr\/\" target=\"_blank\">GDPR<\/a> and <a href=\"\/en\/cookie-policy\/\" target=\"_blank\">Cookie Policy<\/a>.<\/span><\/label><\/span><\/span><\/span>\n\t\t\t<\/p>\n\t\t<\/div>\n\t<\/div>\n\t<div class=\"row\">\n\t\t<div class=\"col-12 text-lg-right send-btn\">\n\t\t\t<p><input class=\"wpcf7-form-control wpcf7-submit has-spinner\" type=\"submit\" value=\"Send\" \/>\n\t\t\t<\/p>\n\t\t<\/div>\n\t<\/div>\n<\/div><div class=\"wpcf7-response-output\" aria-hidden=\"true\"><\/div>\n<\/form>\n<\/div>\n<\/div>\n\t\t\t\t<\/div>\n\t\t\t\t<div class=\"tctf__dtls col-lg-4\">\n                    <div class=\"row title\">\n                        <div class=\"col-12\">\n                            <h3>Contact Information<\/h3>\n                        <\/div>\n                    <\/div>\n\n                    <div class=\"row\">\n                        <div class=\"col-2\">\n                            <img decoding=\"async\" class=\"m-0\" src=\"https:\/\/profentech.com\/wp-content\/themes\/profen\/assets\/icon\/phone.svg\" style=\"width: 26px; height: 26px;\" alt=\"phone\">\n                        <\/div>\n                        <div class=\"col-10\">\n                            <p> Phone <\/p>\n                            <a href=\"tel:+90 (212)210 27 70\">+90 (212)210 27 70<\/a>\n                        <\/div>\n                    <\/div>\n\n                    <div class=\"row\">\n                        <div class=\"col-2\">\n                            <img decoding=\"async\" class=\"m-0\" src=\"https:\/\/profentech.com\/wp-content\/themes\/profen\/assets\/icon\/mail.svg\" style=\"width: 28px; height: 22px;\" alt=\"mail\">\n                        <\/div>\n                        <div class=\"col-10\">\n                            <p> Mail <\/p>\n                            <a href=\"mailto:info@profen.com\">info@profen.com<\/a>\n                        <\/div>\n                    <\/div>\n\n                    <div class=\"row\">\n                        <div class=\"col-2\">\n                            <img decoding=\"async\" class=\"m-0\" src=\"https:\/\/profentech.com\/wp-content\/themes\/profen\/assets\/icon\/home.svg\" style=\"width: 26px; height: 27px;\" alt=\"address\">\n                        <\/div>\n                        <div class=\"col-10\">\n                            <p> Address <\/p>\n                            <span>Piyalepa\u015fa Bulvar\u0131 Famas Plaza C Blok, 34384 \u015ei\u015fli \/ \u0130stanbul<\/span>\n                        <\/div>\n                    <\/div>\n\n\t\t\t\t<\/div>\n\t\t\t<\/div>\n\t\t\n\t\t<\/div>[\/vc_column][\/vc_row][vc_row full_width=&#8221;stretch_row_content&#8221;][vc_column][vc_gmaps link=&#8221;#E-8_JTNDaWZyYW1lJTIwc3JjJTNEJTIyaHR0cHMlM0ElMkYlMkZ3d3cuZ29vZ2xlLmNvbSUyRm1hcHMlMkZlbWJlZCUzRnBiJTNEJTIxMW0xNCUyMTFtOCUyMTFtMyUyMTFkMTIwMzMuMTMxMTY0MDI2OTc0JTIxMmQyOC45NzM5NTY0JTIxM2Q0MS4wNjI4MTA4JTIxM20yJTIxMWkxMDI0JTIxMmk3NjglMjE0ZjEzLjElMjEzbTMlMjExbTIlMjExczB4MCUyNTNBMHg4ZGIwNGU5Njg0YzgyNDMwJTIxMnNQUk9GRU4lMjE1ZTAlMjEzbTIlMjExc3RyJTIxMnN0ciUyMTR2MTU5NzkyMDc3NzI4OSUyMTVtMiUyMTFzdHIlMjEyc3RyJTIyJTIwd2lkdGglM0QlMjI2MDAlMjIlMjBoZWlnaHQlM0QlMjI0NTAlMjIlMjBmcmFtZWJvcmRlciUzRCUyMjAlMjIlMjBzdHlsZSUzRCUyMmJvcmRlciUzQTAlM0IlMjIlMjBhbGxvd2Z1bGxzY3JlZW4lM0QlMjIlMjIlMjBhcmlhLWhpZGRlbiUzRCUyMmZhbHNlJTIyJTIwdGFiaW5kZXglM0QlMjIwJTIyJTNFJTNDJTJGaWZyYW1lJTNF&#8221;][\/vc_column][\/vc_row]<\/p>\n<\/div>","protected":false},"excerpt":{"rendered":"<p>[vc_row][vc_column][\/vc_column][\/vc_row][vc_row full_width=&#8221;stretch_row_content&#8221;][vc_column][vc_gmaps link=&#8221;#E-8_JTNDaWZyYW1lJTIwc3JjJTNEJTIyaHR0cHMlM0ElMkYlMkZ3d3cuZ29vZ2xlLmNvbSUyRm1hcHMlMkZlbWJlZCUzRnBiJTNEJTIxMW0xNCUyMTFtOCUyMTFtMyUyMTFkMTIwMzMuMTMxMTY0MDI2OTc0JTIxMmQyOC45NzM5NTY0JTIxM2Q0MS4wNjI4MTA4JTIxM20yJTIxMWkxMDI0JTIxMmk3NjglMjE0ZjEzLjElMjEzbTMlMjExbTIlMjExczB4MCUyNTNBMHg4ZGIwNGU5Njg0YzgyNDMwJTIxMnNQUk9GRU4lMjE1ZTAlMjEzbTIlMjExc3RyJTIxMnN0ciUyMTR2MTU5NzkyMDc3NzI4OSUyMTVtMiUyMTFzdHIlMjEyc3RyJTIyJTIwd2lkdGglM0QlMjI2MDAlMjIlMjBoZWlnaHQlM0QlMjI0NTAlMjIlMjBmcmFtZWJvcmRlciUzRCUyMjAlMjIlMjBzdHlsZSUzRCUyMmJvcmRlciUzQTAlM0IlMjIlMjBhbGxvd2Z1bGxzY3JlZW4lM0QlMjIlMjIlMjBhcmlhLWhpZGRlbiUzRCUyMmZhbHNlJTIyJTIwdGFiaW5kZXglM0QlMjIwJTIyJTNFJTNDJTJGaWZyYW1lJTNF&#8221;][\/vc_column][\/vc_row]<\/p>\n","protected":false},"author":2,"featured_media":1481,"parent":0,"menu_order":19,"comment_status":"closed","ping_status":"closed","template":"","meta":{"footnotes":"","_vp_format_video_url":"","_vp_image_focal_point":[]},"acf":[],"yoast_head":"<!-- This site is optimized with the Yoast SEO plugin v21.8 - https:\/\/yoast.com\/wordpress\/plugins\/seo\/ -->\n<title>Profen - Istanbul - Profen Communication Technologies<\/title>\n<meta name=\"description\" content=\"Contact the Profen Communication Technologies. Contact us for your comments and suggestions.\" \/>\n<meta name=\"robots\" content=\"index, follow, max-snippet:-1, max-image-preview:large, max-video-preview:-1\" \/>\n<link rel=\"canonical\" href=\"https:\/\/profentech.com\/en\/profen-istanbul\/\" \/>\n<meta property=\"og:locale\" content=\"en_US\" \/>\n<meta property=\"og:type\" content=\"article\" \/>\n<meta property=\"og:title\" content=\"Profen - Istanbul - Profen Communication Technologies\" \/>\n<meta property=\"og:description\" content=\"Contact the Profen Communication Technologies. Contact us for your comments and suggestions.\" \/>\n<meta property=\"og:url\" content=\"https:\/\/profentech.com\/en\/profen-istanbul\/\" \/>\n<meta property=\"og:site_name\" content=\"Profen Communication Technologies\" \/>\n<meta property=\"article:modified_time\" content=\"2023-04-06T07:56:06+00:00\" \/>\n<meta property=\"og:image\" content=\"https:\/\/profentech.com\/wp-content\/uploads\/2020\/07\/iletisim-background-1.jpg\" \/>\n\t<meta property=\"og:image:width\" content=\"1920\" \/>\n\t<meta property=\"og:image:height\" content=\"500\" \/>\n\t<meta property=\"og:image:type\" content=\"image\/jpeg\" \/>\n<meta name=\"twitter:card\" content=\"summary_large_image\" \/>\n<meta name=\"twitter:label1\" content=\"Est. reading time\" \/>\n\t<meta name=\"twitter:data1\" content=\"1 minute\" \/>\n<script type=\"application\/ld+json\" class=\"yoast-schema-graph\">{\"@context\":\"https:\/\/schema.org\",\"@graph\":[{\"@type\":\"WebPage\",\"@id\":\"https:\/\/profentech.com\/en\/profen-istanbul\/\",\"url\":\"https:\/\/profentech.com\/en\/profen-istanbul\/\",\"name\":\"Profen - Istanbul - Profen Communication Technologies\",\"isPartOf\":{\"@id\":\"https:\/\/profentech.com\/#website\"},\"datePublished\":\"2020-07-29T08:54:33+00:00\",\"dateModified\":\"2023-04-06T07:56:06+00:00\",\"description\":\"Contact the Profen Communication Technologies. Contact us for your comments and suggestions.\",\"breadcrumb\":{\"@id\":\"https:\/\/profentech.com\/en\/profen-istanbul\/#breadcrumb\"},\"inLanguage\":\"en-US\",\"potentialAction\":[{\"@type\":\"ReadAction\",\"target\":[\"https:\/\/profentech.com\/en\/profen-istanbul\/\"]}]},{\"@type\":\"BreadcrumbList\",\"@id\":\"https:\/\/profentech.com\/en\/profen-istanbul\/#breadcrumb\",\"itemListElement\":[{\"@type\":\"ListItem\",\"position\":1,\"name\":\"Ana sayfa\",\"item\":\"https:\/\/profentech.com\/en\/\"},{\"@type\":\"ListItem\",\"position\":2,\"name\":\"Profen &#8211; Istanbul\"}]},{\"@type\":\"WebSite\",\"@id\":\"https:\/\/profentech.com\/#website\",\"url\":\"https:\/\/profentech.com\/\",\"name\":\"Profen Communication Technologies\",\"description\":\"\",\"potentialAction\":[{\"@type\":\"SearchAction\",\"target\":{\"@type\":\"EntryPoint\",\"urlTemplate\":\"https:\/\/profentech.com\/?s={search_term_string}\"},\"query-input\":\"required name=search_term_string\"}],\"inLanguage\":\"en-US\"}]}<\/script>\n<!-- \/ Yoast SEO plugin. -->","yoast_head_json":{"title":"Profen - Istanbul - Profen Communication Technologies","description":"Contact the Profen Communication Technologies. Contact us for your comments and suggestions.","robots":{"index":"index","follow":"follow","max-snippet":"max-snippet:-1","max-image-preview":"max-image-preview:large","max-video-preview":"max-video-preview:-1"},"canonical":"https:\/\/profentech.com\/en\/profen-istanbul\/","og_locale":"en_US","og_type":"article","og_title":"Profen - Istanbul - Profen Communication Technologies","og_description":"Contact the Profen Communication Technologies. Contact us for your comments and suggestions.","og_url":"https:\/\/profentech.com\/en\/profen-istanbul\/","og_site_name":"Profen Communication Technologies","article_modified_time":"2023-04-06T07:56:06+00:00","og_image":[{"width":1920,"height":500,"url":"https:\/\/profentech.com\/wp-content\/uploads\/2020\/07\/iletisim-background-1.jpg","type":"image\/jpeg"}],"twitter_card":"summary_large_image","twitter_misc":{"Est. reading time":"1 minute"},"schema":{"@context":"https:\/\/schema.org","@graph":[{"@type":"WebPage","@id":"https:\/\/profentech.com\/en\/profen-istanbul\/","url":"https:\/\/profentech.com\/en\/profen-istanbul\/","name":"Profen - Istanbul - Profen Communication Technologies","isPartOf":{"@id":"https:\/\/profentech.com\/#website"},"datePublished":"2020-07-29T08:54:33+00:00","dateModified":"2023-04-06T07:56:06+00:00","description":"Contact the Profen Communication Technologies. Contact us for your comments and suggestions.","breadcrumb":{"@id":"https:\/\/profentech.com\/en\/profen-istanbul\/#breadcrumb"},"inLanguage":"en-US","potentialAction":[{"@type":"ReadAction","target":["https:\/\/profentech.com\/en\/profen-istanbul\/"]}]},{"@type":"BreadcrumbList","@id":"https:\/\/profentech.com\/en\/profen-istanbul\/#breadcrumb","itemListElement":[{"@type":"ListItem","position":1,"name":"Ana sayfa","item":"https:\/\/profentech.com\/en\/"},{"@type":"ListItem","position":2,"name":"Profen &#8211; Istanbul"}]},{"@type":"WebSite","@id":"https:\/\/profentech.com\/#website","url":"https:\/\/profentech.com\/","name":"Profen Communication Technologies","description":"","potentialAction":[{"@type":"SearchAction","target":{"@type":"EntryPoint","urlTemplate":"https:\/\/profentech.com\/?s={search_term_string}"},"query-input":"required name=search_term_string"}],"inLanguage":"en-US"}]}},"_links":{"self":[{"href":"https:\/\/profentech.com\/en\/wp-json\/wp\/v2\/pages\/1707"}],"collection":[{"href":"https:\/\/profentech.com\/en\/wp-json\/wp\/v2\/pages"}],"about":[{"href":"https:\/\/profentech.com\/en\/wp-json\/wp\/v2\/types\/page"}],"author":[{"embeddable":true,"href":"https:\/\/profentech.com\/en\/wp-json\/wp\/v2\/users\/2"}],"replies":[{"embeddable":true,"href":"https:\/\/profentech.com\/en\/wp-json\/wp\/v2\/comments?post=1707"}],"version-history":[{"count":10,"href":"https:\/\/profentech.com\/en\/wp-json\/wp\/v2\/pages\/1707\/revisions"}],"predecessor-version":[{"id":11153,"href":"https:\/\/profentech.com\/en\/wp-json\/wp\/v2\/pages\/1707\/revisions\/11153"}],"wp:featuredmedia":[{"embeddable":true,"href":"https:\/\/profentech.com\/en\/wp-json\/wp\/v2\/media\/1481"}],"wp:attachment":[{"href":"https:\/\/profentech.com\/en\/wp-json\/wp\/v2\/media?parent=1707"}],"curies":[{"name":"wp","href":"https:\/\/api.w.org\/{rel}","templated":true}]}}